{"id":2469,"date":"2025-12-17T17:11:52","date_gmt":"2025-12-17T22:11:52","guid":{"rendered":"https:\/\/ajtecnologia.com\/?post_type=product&#038;p=2469"},"modified":"2025-12-17T20:15:07","modified_gmt":"2025-12-18T01:15:07","slug":"celular-infinix-hot-60-pro-256gb-4g-negro","status":"publish","type":"product","link":"https:\/\/ajtecnologia.com\/en\/tienda\/mobile\/smartphone\/celular-infinix-hot-60-pro-256gb-4g-negro\/","title":{"rendered":"Celular Infinix Hot 60 Pro 256GB 4G Negro"},"content":{"rendered":"<h3>Dise\u00f1o delgado con potencia inteligente<\/h3>\n<p>El Infinix Hot 60 Pro+ est\u00e1 dise\u00f1ado para usuarios que buscan alto rendimiento, fluidez visual y un dise\u00f1o elegante. Con solo 6.6 mm de grosor y un peso aproximado de 170 g, ofrece una experiencia c\u00f3moda y ligera sin sacrificar potencia.<\/p>\n<h3>Beneficios clave<\/h3>\n<ul>\n<li>Pantalla AMOLED de 6.78\u201d con resoluci\u00f3n 1.5K para im\u00e1genes m\u00e1s n\u00edtidas y realistas.<\/li>\n<li>Procesador MediaTek Helio G200 de ocho n\u00facleos para multitarea y gaming fluido.<\/li>\n<li>8 GB de memoria RAM y 256 GB de almacenamiento interno.<\/li>\n<li>C\u00e1mara principal triple de 50 MP para capturas detalladas.<\/li>\n<li>Bater\u00eda de 5160 mAh con soporte de carga r\u00e1pida.<\/li>\n<li>Certificaci\u00f3n IP64 contra polvo y salpicaduras.<\/li>\n<li>Lector de huella integrado en la pantalla.<\/li>\n<li>Conectividad completa con NFC, WiFi y Bluetooth.<\/li>\n<\/ul>\n<h3>Especificaciones t\u00e9cnicas<\/h3>\n<ul>\n<li>Marca: Infinix<\/li>\n<li>Modelo: Hot 60 Pro<\/li>\n<li>Familia: Infinix Hot 60 Pro<\/li>\n<li>Color: Negro elegante<\/li>\n<li>Pantalla: 6.78\u201d AMOLED<\/li>\n<li>Resoluci\u00f3n: 1.5K<\/li>\n<li>Procesador: MediaTek Helio G200<\/li>\n<li>Configuraci\u00f3n CPU: 2 x 2.2 GHz + 6 x 2.0 GHz<\/li>\n<li>Memoria RAM: 8 GB<\/li>\n<li>Almacenamiento interno: 256 GB<\/li>\n<li>Memoria expandible: Hasta 2 TB<\/li>\n<li>Sistema operativo: Android 15<\/li>\n<li>C\u00e1mara trasera: Triple, sensor principal de 50 MP con flash<\/li>\n<li>C\u00e1mara frontal: 13 MP<\/li>\n<li>Bater\u00eda: 5160 mAh<\/li>\n<li>Carga r\u00e1pida: S\u00ed<\/li>\n<li>Conectividad: 2G \/ 3G \/ 4G<\/li>\n<li>SIM: Dual SIM<\/li>\n<li>Puerto de carga: USB Tipo C<\/li>\n<li>Resistencia: IP64<\/li>\n<li>Lector de huella: En pantalla<\/li>\n<li>Funciones adicionales: Reconocimiento facial, NFC, IA integrada<\/li>\n<\/ul>\n<h3>Preguntas frecuentes (FAQ)<\/h3>\n<p><strong>\u00bfCu\u00e1nta memoria RAM tiene?<\/strong><br \/>\nCuenta con 8 GB de memoria RAM.<\/p>\n<p><strong>\u00bfQu\u00e9 tipo de pantalla incluye?<\/strong><br \/>\nIncorpora una pantalla AMOLED de 6.78 pulgadas con resoluci\u00f3n 1.5K.<\/p>\n<p><strong>\u00bfTiene resistencia al agua?<\/strong><br \/>\nS\u00ed, cuenta con certificaci\u00f3n IP64 contra polvo y salpicaduras.<\/p>\n<p><strong>\u00bfCu\u00e1ntas SIM soporta?<\/strong><br \/>\nEs Dual SIM.<\/p>\n<p><strong>\u00bfIncluye aud\u00edfonos?<\/strong><br \/>\nNo, el producto no incluye aud\u00edfonos.<\/p>","protected":false},"excerpt":{"rendered":"<p><strong>\ud83d\udcf1 Dise\u00f1o ultrafino, potencia avanzada y pantalla de alta resoluci\u00f3n<br \/>\n<\/strong>El <strong>Infinix Hot 60 Pro<\/strong> combina un dise\u00f1o ultradelgado de <strong>6.6 mm<\/strong>, pantalla <strong>AMOLED 1.5K<\/strong>, procesador <strong>Helio G200<\/strong> y <strong>256GB de almacenamiento<\/strong>, ofreciendo fluidez, potencia y estilo en un solo dispositivo.<\/p>\n<p>\u26a1 Rendimiento gaming optimizado<br \/>\n\ud83c\udfae Pantalla AMOLED 1.5K envolvente<br \/>\n\ud83d\udd0a Sonido Dual Claro<br \/>\n\ud83d\udca7 Resistencia IP64<\/p>","protected":false},"featured_media":2470,"comment_status":"open","ping_status":"closed","template":"","meta":[],"product_brand":[901],"product_cat":[48],"product_tag":[897,905,906,903,904,902,896],"class_list":{"0":"post-2469","1":"product","2":"type-product","3":"status-publish","4":"has-post-thumbnail","6":"product_brand-infinix","7":"product_cat-smartphone","8":"product_tag-celular-256gb","9":"product_tag-celular-amoled","10":"product_tag-celular-gaming","11":"product_tag-celular-infinix","12":"product_tag-infinix-android","13":"product_tag-infinix-hot-60-pro","14":"product_tag-smartphone-4g","16":"first","17":"instock","18":"sale","19":"shipping-taxable","20":"purchasable","21":"product-type-simple"},"yoast_head":"<!-- This site is optimized with the Yoast SEO Premium plugin v23.8 (Yoast SEO v27.3) - https:\/\/yoast.com\/product\/yoast-seo-premium-wordpress\/ -->\n<title>Celular Infinix Hot 60 Pro 256GB 4G Negro - AJTecnologia<\/title>\n<meta name=\"description\" content=\"Celular Infinix Hot 60 Pro 256GB 4G con pantalla AMOLED 1.5K, Helio G200, 8GB RAM, bater\u00eda 5160 mAh y resistencia IP64.\" \/>\n<meta name=\"robots\" content=\"index, follow, max-snippet:-1, max-image-preview:large, max-video-preview:-1\" \/>\n<link rel=\"canonical\" href=\"https:\/\/ajtecnologia.com\/en\/tienda\/mobile\/smartphone\/celular-infinix-hot-60-pro-256gb-4g-negro\/\" \/>\n<meta property=\"og:locale\" content=\"en_US\" \/>\n<meta property=\"og:type\" content=\"article\" \/>\n<meta property=\"og:title\" content=\"Celular Infinix Hot 60 Pro 256GB 4G Negro\" \/>\n<meta property=\"og:description\" content=\"Celular Infinix Hot 60 Pro 256GB 4G con pantalla AMOLED 1.5K, Helio G200, 8GB RAM, bater\u00eda 5160 mAh y resistencia IP64.\" \/>\n<meta property=\"og:url\" content=\"https:\/\/ajtecnologia.com\/en\/tienda\/mobile\/smartphone\/celular-infinix-hot-60-pro-256gb-4g-negro\/\" \/>\n<meta property=\"og:site_name\" content=\"AJTecnologia\" \/>\n<meta property=\"article:modified_time\" content=\"2025-12-18T01:15:07+00:00\" \/>\n<meta property=\"og:image\" content=\"https:\/\/ajtecnologia.com\/wp-content\/uploads\/2025\/12\/215.png\" \/>\n\t<meta property=\"og:image:width\" content=\"1080\" \/>\n\t<meta property=\"og:image:height\" content=\"1080\" \/>\n\t<meta property=\"og:image:type\" content=\"image\/png\" \/>\n<meta name=\"twitter:card\" content=\"summary_large_image\" \/>\n<meta name=\"twitter:label1\" content=\"Est. reading time\" \/>\n\t<meta name=\"twitter:data1\" content=\"2 minutes\" \/>\n<script type=\"application\/ld+json\" class=\"yoast-schema-graph\">{\"@context\":\"https:\\\/\\\/schema.org\",\"@graph\":[{\"@type\":\"WebPage\",\"@id\":\"https:\\\/\\\/ajtecnologia.com\\\/tienda\\\/mobile\\\/smartphone\\\/celular-infinix-hot-60-pro-256gb-4g-negro\\\/\",\"url\":\"https:\\\/\\\/ajtecnologia.com\\\/tienda\\\/mobile\\\/smartphone\\\/celular-infinix-hot-60-pro-256gb-4g-negro\\\/\",\"name\":\"Celular Infinix Hot 60 Pro 256GB 4G Negro - AJTecnologia\",\"isPartOf\":{\"@id\":\"https:\\\/\\\/ajtecnologia.com\\\/#website\"},\"primaryImageOfPage\":{\"@id\":\"https:\\\/\\\/ajtecnologia.com\\\/tienda\\\/mobile\\\/smartphone\\\/celular-infinix-hot-60-pro-256gb-4g-negro\\\/#primaryimage\"},\"image\":{\"@id\":\"https:\\\/\\\/ajtecnologia.com\\\/tienda\\\/mobile\\\/smartphone\\\/celular-infinix-hot-60-pro-256gb-4g-negro\\\/#primaryimage\"},\"thumbnailUrl\":\"https:\\\/\\\/ajtecnologia.com\\\/wp-content\\\/uploads\\\/2025\\\/12\\\/215.png\",\"datePublished\":\"2025-12-17T22:11:52+00:00\",\"dateModified\":\"2025-12-18T01:15:07+00:00\",\"description\":\"Celular Infinix Hot 60 Pro 256GB 4G con pantalla AMOLED 1.5K, Helio G200, 8GB RAM, bater\u00eda 5160 mAh y resistencia IP64.\",\"breadcrumb\":{\"@id\":\"https:\\\/\\\/ajtecnologia.com\\\/tienda\\\/mobile\\\/smartphone\\\/celular-infinix-hot-60-pro-256gb-4g-negro\\\/#breadcrumb\"},\"inLanguage\":\"en-US\",\"potentialAction\":[{\"@type\":\"ReadAction\",\"target\":[\"https:\\\/\\\/ajtecnologia.com\\\/tienda\\\/mobile\\\/smartphone\\\/celular-infinix-hot-60-pro-256gb-4g-negro\\\/\"]}]},{\"@type\":\"ImageObject\",\"inLanguage\":\"en-US\",\"@id\":\"https:\\\/\\\/ajtecnologia.com\\\/tienda\\\/mobile\\\/smartphone\\\/celular-infinix-hot-60-pro-256gb-4g-negro\\\/#primaryimage\",\"url\":\"https:\\\/\\\/ajtecnologia.com\\\/wp-content\\\/uploads\\\/2025\\\/12\\\/215.png\",\"contentUrl\":\"https:\\\/\\\/ajtecnologia.com\\\/wp-content\\\/uploads\\\/2025\\\/12\\\/215.png\",\"width\":1080,\"height\":1080},{\"@type\":\"BreadcrumbList\",\"@id\":\"https:\\\/\\\/ajtecnologia.com\\\/tienda\\\/mobile\\\/smartphone\\\/celular-infinix-hot-60-pro-256gb-4g-negro\\\/#breadcrumb\",\"itemListElement\":[{\"@type\":\"ListItem\",\"position\":1,\"name\":\"Home\",\"item\":\"https:\\\/\\\/ajtecnologia.com\\\/\"},{\"@type\":\"ListItem\",\"position\":2,\"name\":\"Tienda\",\"item\":\"https:\\\/\\\/ajtecnologia.com\\\/tienda\\\/\"},{\"@type\":\"ListItem\",\"position\":3,\"name\":\"Celular Infinix Hot 60 Pro 256GB 4G Negro\"}]},{\"@type\":\"WebSite\",\"@id\":\"https:\\\/\\\/ajtecnologia.com\\\/#website\",\"url\":\"https:\\\/\\\/ajtecnologia.com\\\/\",\"name\":\"AJTecnologia\",\"description\":\"AJTecnologia: innovaci\u00f3n y rendimiento en tecnolog\u00eda y accesorios. Descubre soluciones que potencian tu mundo digital.\",\"publisher\":{\"@id\":\"https:\\\/\\\/ajtecnologia.com\\\/#\\\/schema\\\/person\\\/3800315aba8738350409b508e855c92c\"},\"alternateName\":\"AJ\",\"potentialAction\":[{\"@type\":\"SearchAction\",\"target\":{\"@type\":\"EntryPoint\",\"urlTemplate\":\"https:\\\/\\\/ajtecnologia.com\\\/?s={search_term_string}\"},\"query-input\":{\"@type\":\"PropertyValueSpecification\",\"valueRequired\":true,\"valueName\":\"search_term_string\"}}],\"inLanguage\":\"en-US\"},{\"@type\":[\"Person\",\"Organization\"],\"@id\":\"https:\\\/\\\/ajtecnologia.com\\\/#\\\/schema\\\/person\\\/3800315aba8738350409b508e855c92c\",\"name\":\"JUAN DIEGO MAYORGA MILLAN\",\"image\":{\"@type\":\"ImageObject\",\"inLanguage\":\"en-US\",\"@id\":\"https:\\\/\\\/ajtecnologia.com\\\/wp-content\\\/uploads\\\/2025\\\/09\\\/Imagotipo-PNG-1-scaled.png\",\"url\":\"https:\\\/\\\/ajtecnologia.com\\\/wp-content\\\/uploads\\\/2025\\\/09\\\/Imagotipo-PNG-1-scaled.png\",\"contentUrl\":\"https:\\\/\\\/ajtecnologia.com\\\/wp-content\\\/uploads\\\/2025\\\/09\\\/Imagotipo-PNG-1-scaled.png\",\"width\":2560,\"height\":544,\"caption\":\"JUAN DIEGO MAYORGA MILLAN\"},\"logo\":{\"@id\":\"https:\\\/\\\/ajtecnologia.com\\\/wp-content\\\/uploads\\\/2025\\\/09\\\/Imagotipo-PNG-1-scaled.png\"},\"sameAs\":[\"http:\\\/\\\/ajtecnologia.com\"]}]}<\/script>\n<!-- \/ Yoast SEO Premium plugin. -->","yoast_head_json":{"title":"Celular Infinix Hot 60 Pro 256GB 4G Negro - AJTecnologia","description":"Celular Infinix Hot 60 Pro 256GB 4G con pantalla AMOLED 1.5K, Helio G200, 8GB RAM, bater\u00eda 5160 mAh y resistencia IP64.","robots":{"index":"index","follow":"follow","max-snippet":"max-snippet:-1","max-image-preview":"max-image-preview:large","max-video-preview":"max-video-preview:-1"},"canonical":"https:\/\/ajtecnologia.com\/en\/tienda\/mobile\/smartphone\/celular-infinix-hot-60-pro-256gb-4g-negro\/","og_locale":"en_US","og_type":"article","og_title":"Celular Infinix Hot 60 Pro 256GB 4G Negro","og_description":"Celular Infinix Hot 60 Pro 256GB 4G con pantalla AMOLED 1.5K, Helio G200, 8GB RAM, bater\u00eda 5160 mAh y resistencia IP64.","og_url":"https:\/\/ajtecnologia.com\/en\/tienda\/mobile\/smartphone\/celular-infinix-hot-60-pro-256gb-4g-negro\/","og_site_name":"AJTecnologia","article_modified_time":"2025-12-18T01:15:07+00:00","og_image":[{"width":1080,"height":1080,"url":"https:\/\/ajtecnologia.com\/wp-content\/uploads\/2025\/12\/215.png","type":"image\/png"}],"twitter_card":"summary_large_image","twitter_misc":{"Est. reading time":"2 minutes"},"schema":{"@context":"https:\/\/schema.org","@graph":[{"@type":"WebPage","@id":"https:\/\/ajtecnologia.com\/tienda\/mobile\/smartphone\/celular-infinix-hot-60-pro-256gb-4g-negro\/","url":"https:\/\/ajtecnologia.com\/tienda\/mobile\/smartphone\/celular-infinix-hot-60-pro-256gb-4g-negro\/","name":"Celular Infinix Hot 60 Pro 256GB 4G Negro - AJTecnologia","isPartOf":{"@id":"https:\/\/ajtecnologia.com\/#website"},"primaryImageOfPage":{"@id":"https:\/\/ajtecnologia.com\/tienda\/mobile\/smartphone\/celular-infinix-hot-60-pro-256gb-4g-negro\/#primaryimage"},"image":{"@id":"https:\/\/ajtecnologia.com\/tienda\/mobile\/smartphone\/celular-infinix-hot-60-pro-256gb-4g-negro\/#primaryimage"},"thumbnailUrl":"https:\/\/ajtecnologia.com\/wp-content\/uploads\/2025\/12\/215.png","datePublished":"2025-12-17T22:11:52+00:00","dateModified":"2025-12-18T01:15:07+00:00","description":"Celular Infinix Hot 60 Pro 256GB 4G con pantalla AMOLED 1.5K, Helio G200, 8GB RAM, bater\u00eda 5160 mAh y resistencia IP64.","breadcrumb":{"@id":"https:\/\/ajtecnologia.com\/tienda\/mobile\/smartphone\/celular-infinix-hot-60-pro-256gb-4g-negro\/#breadcrumb"},"inLanguage":"en-US","potentialAction":[{"@type":"ReadAction","target":["https:\/\/ajtecnologia.com\/tienda\/mobile\/smartphone\/celular-infinix-hot-60-pro-256gb-4g-negro\/"]}]},{"@type":"ImageObject","inLanguage":"en-US","@id":"https:\/\/ajtecnologia.com\/tienda\/mobile\/smartphone\/celular-infinix-hot-60-pro-256gb-4g-negro\/#primaryimage","url":"https:\/\/ajtecnologia.com\/wp-content\/uploads\/2025\/12\/215.png","contentUrl":"https:\/\/ajtecnologia.com\/wp-content\/uploads\/2025\/12\/215.png","width":1080,"height":1080},{"@type":"BreadcrumbList","@id":"https:\/\/ajtecnologia.com\/tienda\/mobile\/smartphone\/celular-infinix-hot-60-pro-256gb-4g-negro\/#breadcrumb","itemListElement":[{"@type":"ListItem","position":1,"name":"Home","item":"https:\/\/ajtecnologia.com\/"},{"@type":"ListItem","position":2,"name":"Tienda","item":"https:\/\/ajtecnologia.com\/tienda\/"},{"@type":"ListItem","position":3,"name":"Celular Infinix Hot 60 Pro 256GB 4G Negro"}]},{"@type":"WebSite","@id":"https:\/\/ajtecnologia.com\/#website","url":"https:\/\/ajtecnologia.com\/","name":"AJTecnologia","description":"AJTecnologia: innovaci\u00f3n y rendimiento en tecnolog\u00eda y accesorios. Descubre soluciones que potencian tu mundo digital.","publisher":{"@id":"https:\/\/ajtecnologia.com\/#\/schema\/person\/3800315aba8738350409b508e855c92c"},"alternateName":"AJ","potentialAction":[{"@type":"SearchAction","target":{"@type":"EntryPoint","urlTemplate":"https:\/\/ajtecnologia.com\/?s={search_term_string}"},"query-input":{"@type":"PropertyValueSpecification","valueRequired":true,"valueName":"search_term_string"}}],"inLanguage":"en-US"},{"@type":["Person","Organization"],"@id":"https:\/\/ajtecnologia.com\/#\/schema\/person\/3800315aba8738350409b508e855c92c","name":"JUAN DIEGO MAYORGA MILLAN","image":{"@type":"ImageObject","inLanguage":"en-US","@id":"https:\/\/ajtecnologia.com\/wp-content\/uploads\/2025\/09\/Imagotipo-PNG-1-scaled.png","url":"https:\/\/ajtecnologia.com\/wp-content\/uploads\/2025\/09\/Imagotipo-PNG-1-scaled.png","contentUrl":"https:\/\/ajtecnologia.com\/wp-content\/uploads\/2025\/09\/Imagotipo-PNG-1-scaled.png","width":2560,"height":544,"caption":"JUAN DIEGO MAYORGA MILLAN"},"logo":{"@id":"https:\/\/ajtecnologia.com\/wp-content\/uploads\/2025\/09\/Imagotipo-PNG-1-scaled.png"},"sameAs":["http:\/\/ajtecnologia.com"]}]}},"_links":{"self":[{"href":"https:\/\/ajtecnologia.com\/en\/wp-json\/wp\/v2\/product\/2469","targetHints":{"allow":["GET"]}}],"collection":[{"href":"https:\/\/ajtecnologia.com\/en\/wp-json\/wp\/v2\/product"}],"about":[{"href":"https:\/\/ajtecnologia.com\/en\/wp-json\/wp\/v2\/types\/product"}],"replies":[{"embeddable":true,"href":"https:\/\/ajtecnologia.com\/en\/wp-json\/wp\/v2\/comments?post=2469"}],"wp:featuredmedia":[{"embeddable":true,"href":"https:\/\/ajtecnologia.com\/en\/wp-json\/wp\/v2\/media\/2470"}],"wp:attachment":[{"href":"https:\/\/ajtecnologia.com\/en\/wp-json\/wp\/v2\/media?parent=2469"}],"wp:term":[{"taxonomy":"product_brand","embeddable":true,"href":"https:\/\/ajtecnologia.com\/en\/wp-json\/wp\/v2\/product_brand?post=2469"},{"taxonomy":"product_cat","embeddable":true,"href":"https:\/\/ajtecnologia.com\/en\/wp-json\/wp\/v2\/product_cat?post=2469"},{"taxonomy":"product_tag","embeddable":true,"href":"https:\/\/ajtecnologia.com\/en\/wp-json\/wp\/v2\/product_tag?post=2469"}],"curies":[{"name":"wp","href":"https:\/\/api.w.org\/{rel}","templated":true}]}}