{"id":2477,"date":"2025-12-18T18:54:03","date_gmt":"2025-12-18T23:54:03","guid":{"rendered":"https:\/\/ajtecnologia.com\/?post_type=product&#038;p=2477"},"modified":"2025-12-18T18:54:09","modified_gmt":"2025-12-18T23:54:09","slug":"celular-samsung-galaxy-a17-256gb-5g-gris","status":"publish","type":"product","link":"https:\/\/ajtecnologia.com\/en\/tienda\/mobile\/smartphone\/celular-samsung-galaxy-a17-256gb-5g-gris\/","title":{"rendered":"Celular Samsung Galaxy A17 256GB 5G Gris"},"content":{"rendered":"<h3>Dise\u00f1o refinado y rendimiento confiable<\/h3>\n<p>El Samsung Galaxy A17 5G est\u00e1 dise\u00f1ado para usuarios que buscan un smartphone equilibrado entre rendimiento, durabilidad y experiencia visual. Su cuerpo delgado con acabado met\u00e1lico brinda una sensaci\u00f3n premium, mientras su estructura reforzada ofrece mayor resistencia al uso diario.<\/p>\n<h3>Beneficios clave<\/h3>\n<ul>\n<li>Pantalla Super AMOLED de 6.7 pulgadas con resoluci\u00f3n FHD+ para colores m\u00e1s vivos y mayor nitidez.<\/li>\n<li>Procesador Exynos de ocho n\u00facleos optimizado para multitarea y conectividad 5G.<\/li>\n<li>8 GB de memoria RAM y 256 GB de almacenamiento interno.<\/li>\n<li>Sistema de c\u00e1maras traseras triple con sensor principal de 50 MP.<\/li>\n<li>Bater\u00eda de 5000 mAh para uso prolongado durante el d\u00eda.<\/li>\n<li>Certificaci\u00f3n IP54 que protege contra polvo y salpicaduras.<\/li>\n<li>Lector de huella lateral para desbloqueo r\u00e1pido y seguro.<\/li>\n<li>Sistema operativo Android con interfaz One UI Core 7.0.<\/li>\n<\/ul>\n<h3>Especificaciones t\u00e9cnicas<\/h3>\n<ul>\n<li>Marca: Samsung<\/li>\n<li>Modelo: Galaxy A17<\/li>\n<li>Familia: Galaxy A17<\/li>\n<li>Color: Gris<\/li>\n<li>Pantalla: 6.7\u201d Super AMOLED<\/li>\n<li>Resoluci\u00f3n: 1080 x 2340 (FHD+)<\/li>\n<li>Procesador: Exynos Octa-Core<\/li>\n<li>Velocidad del procesador: Hasta 2.4 GHz<\/li>\n<li>Memoria RAM: 8 GB<\/li>\n<li>Almacenamiento interno: 256 GB<\/li>\n<li>Sistema operativo: Android con One UI Core 7.0<\/li>\n<li>C\u00e1mara trasera: Triple (50 MP + 5 MP + 2 MP) con flash<\/li>\n<li>C\u00e1mara frontal: 13 MP<\/li>\n<li>Bater\u00eda: 5000 mAh<\/li>\n<li>Conectividad: 5G, WiFi, Bluetooth, USB<\/li>\n<li>SIM: Dual SIM<\/li>\n<li>Puerto de carga: USB Tipo C<\/li>\n<li>Resistencia: IP54<\/li>\n<li>Lector de huella: Lateral<\/li>\n<li>Funciones adicionales: Inteligencia Artificial, reconocimiento facial<\/li>\n<\/ul>\n<h3>Preguntas frecuentes (FAQ)<\/h3>\n<p><strong>\u00bfCu\u00e1nta memoria RAM tiene?<\/strong><br \/>\nCuenta con 8 GB de memoria RAM.<\/p>\n<p><strong>\u00bfEs compatible con redes 5G?<\/strong><br \/>\nS\u00ed, el Galaxy A17 soporta conectividad 5G.<\/p>\n<p><strong>\u00bfTiene protecci\u00f3n contra agua?<\/strong><br \/>\nS\u00ed, cuenta con certificaci\u00f3n IP54 contra polvo y salpicaduras.<\/p>\n<p><strong>\u00bfSe puede usar con dos SIM?<\/strong><br \/>\nS\u00ed, es Dual SIM.<\/p>\n<p><strong>\u00bfIncluye cargador y aud\u00edfonos?<\/strong><br \/>\nNo incluye adaptador de carga, aud\u00edfonos ni cover.<\/p>","protected":false},"excerpt":{"rendered":"<p><strong>\ud83d\udcf1 Dise\u00f1o premium, pantalla AMOLED y conectividad 5G<br \/>\n<\/strong>El <strong>Samsung Galaxy A17 5G<\/strong> combina una pantalla <strong>Super AMOLED de 6.7\u201d<\/strong>, c\u00e1maras de <strong>50 MP<\/strong>, <strong>8 GB de RAM<\/strong> y <strong>256 GB de almacenamiento<\/strong>, ofreciendo velocidad, fluidez y un dise\u00f1o elegante preparado para el futuro.<\/p>\n<p>\u26a1 Conectividad 5G ultrarr\u00e1pida<br \/>\n\ud83c\udfae Pantalla ideal para juegos y videos<br \/>\n\ud83d\udcf8 C\u00e1maras con mayor brillo y nitidez<br \/>\n\ud83d\udca7 Protecci\u00f3n IP54 contra polvo y salpicaduras<\/p>","protected":false},"featured_media":2478,"comment_status":"open","ping_status":"closed","template":"","meta":[],"product_brand":[27],"product_cat":[48],"product_tag":[897,905,237,908,453,907,255],"class_list":{"0":"post-2477","1":"product","2":"type-product","3":"status-publish","4":"has-post-thumbnail","6":"product_brand-samsung","7":"product_cat-smartphone","8":"product_tag-celular-256gb","9":"product_tag-celular-amoled","10":"product_tag-celular-samsung","11":"product_tag-galaxy-a17-5g","12":"product_tag-samsung-galaxy","13":"product_tag-samsung-galaxy-a17","14":"product_tag-smartphone-5g","16":"first","17":"instock","18":"sale","19":"shipping-taxable","20":"purchasable","21":"product-type-simple"},"yoast_head":"<!-- This site is optimized with the Yoast SEO Premium plugin v23.8 (Yoast SEO v27.3) - https:\/\/yoast.com\/product\/yoast-seo-premium-wordpress\/ -->\n<title>Celular Samsung Galaxy A17 256GB 5G Gris - AJTecnologia<\/title>\n<meta name=\"description\" content=\"Samsung Galaxy A17 256GB 5G con pantalla Super AMOLED 6.7\u201d, c\u00e1mara 50 MP, 8GB RAM, bater\u00eda 5000 mAh y protecci\u00f3n IP54.\" \/>\n<meta name=\"robots\" content=\"index, follow, max-snippet:-1, max-image-preview:large, max-video-preview:-1\" \/>\n<link rel=\"canonical\" href=\"https:\/\/ajtecnologia.com\/en\/tienda\/mobile\/smartphone\/celular-samsung-galaxy-a17-256gb-5g-gris\/\" \/>\n<meta property=\"og:locale\" content=\"en_US\" \/>\n<meta property=\"og:type\" content=\"article\" \/>\n<meta property=\"og:title\" content=\"Celular Samsung Galaxy A17 256GB 5G Gris\" \/>\n<meta property=\"og:description\" content=\"Samsung Galaxy A17 256GB 5G con pantalla Super AMOLED 6.7\u201d, c\u00e1mara 50 MP, 8GB RAM, bater\u00eda 5000 mAh y protecci\u00f3n IP54.\" \/>\n<meta property=\"og:url\" content=\"https:\/\/ajtecnologia.com\/en\/tienda\/mobile\/smartphone\/celular-samsung-galaxy-a17-256gb-5g-gris\/\" \/>\n<meta property=\"og:site_name\" content=\"AJTecnologia\" \/>\n<meta property=\"article:modified_time\" content=\"2025-12-18T23:54:09+00:00\" \/>\n<meta property=\"og:image\" content=\"https:\/\/ajtecnologia.com\/wp-content\/uploads\/2025\/12\/222.png\" \/>\n\t<meta property=\"og:image:width\" content=\"1080\" \/>\n\t<meta property=\"og:image:height\" content=\"1080\" \/>\n\t<meta property=\"og:image:type\" content=\"image\/png\" \/>\n<meta name=\"twitter:card\" content=\"summary_large_image\" \/>\n<meta name=\"twitter:label1\" content=\"Est. reading time\" \/>\n\t<meta name=\"twitter:data1\" content=\"2 minutes\" \/>\n<script type=\"application\/ld+json\" class=\"yoast-schema-graph\">{\"@context\":\"https:\\\/\\\/schema.org\",\"@graph\":[{\"@type\":\"WebPage\",\"@id\":\"https:\\\/\\\/ajtecnologia.com\\\/tienda\\\/mobile\\\/smartphone\\\/celular-samsung-galaxy-a17-256gb-5g-gris\\\/\",\"url\":\"https:\\\/\\\/ajtecnologia.com\\\/tienda\\\/mobile\\\/smartphone\\\/celular-samsung-galaxy-a17-256gb-5g-gris\\\/\",\"name\":\"Celular Samsung Galaxy A17 256GB 5G Gris - AJTecnologia\",\"isPartOf\":{\"@id\":\"https:\\\/\\\/ajtecnologia.com\\\/#website\"},\"primaryImageOfPage\":{\"@id\":\"https:\\\/\\\/ajtecnologia.com\\\/tienda\\\/mobile\\\/smartphone\\\/celular-samsung-galaxy-a17-256gb-5g-gris\\\/#primaryimage\"},\"image\":{\"@id\":\"https:\\\/\\\/ajtecnologia.com\\\/tienda\\\/mobile\\\/smartphone\\\/celular-samsung-galaxy-a17-256gb-5g-gris\\\/#primaryimage\"},\"thumbnailUrl\":\"https:\\\/\\\/ajtecnologia.com\\\/wp-content\\\/uploads\\\/2025\\\/12\\\/222.png\",\"datePublished\":\"2025-12-18T23:54:03+00:00\",\"dateModified\":\"2025-12-18T23:54:09+00:00\",\"description\":\"Samsung Galaxy A17 256GB 5G con pantalla Super AMOLED 6.7\u201d, c\u00e1mara 50 MP, 8GB RAM, bater\u00eda 5000 mAh y protecci\u00f3n IP54.\",\"breadcrumb\":{\"@id\":\"https:\\\/\\\/ajtecnologia.com\\\/tienda\\\/mobile\\\/smartphone\\\/celular-samsung-galaxy-a17-256gb-5g-gris\\\/#breadcrumb\"},\"inLanguage\":\"en-US\",\"potentialAction\":[{\"@type\":\"ReadAction\",\"target\":[\"https:\\\/\\\/ajtecnologia.com\\\/tienda\\\/mobile\\\/smartphone\\\/celular-samsung-galaxy-a17-256gb-5g-gris\\\/\"]}]},{\"@type\":\"ImageObject\",\"inLanguage\":\"en-US\",\"@id\":\"https:\\\/\\\/ajtecnologia.com\\\/tienda\\\/mobile\\\/smartphone\\\/celular-samsung-galaxy-a17-256gb-5g-gris\\\/#primaryimage\",\"url\":\"https:\\\/\\\/ajtecnologia.com\\\/wp-content\\\/uploads\\\/2025\\\/12\\\/222.png\",\"contentUrl\":\"https:\\\/\\\/ajtecnologia.com\\\/wp-content\\\/uploads\\\/2025\\\/12\\\/222.png\",\"width\":1080,\"height\":1080},{\"@type\":\"BreadcrumbList\",\"@id\":\"https:\\\/\\\/ajtecnologia.com\\\/tienda\\\/mobile\\\/smartphone\\\/celular-samsung-galaxy-a17-256gb-5g-gris\\\/#breadcrumb\",\"itemListElement\":[{\"@type\":\"ListItem\",\"position\":1,\"name\":\"Home\",\"item\":\"https:\\\/\\\/ajtecnologia.com\\\/\"},{\"@type\":\"ListItem\",\"position\":2,\"name\":\"Tienda\",\"item\":\"https:\\\/\\\/ajtecnologia.com\\\/tienda\\\/\"},{\"@type\":\"ListItem\",\"position\":3,\"name\":\"Celular Samsung Galaxy A17 256GB 5G Gris\"}]},{\"@type\":\"WebSite\",\"@id\":\"https:\\\/\\\/ajtecnologia.com\\\/#website\",\"url\":\"https:\\\/\\\/ajtecnologia.com\\\/\",\"name\":\"AJTecnologia\",\"description\":\"AJTecnologia: innovaci\u00f3n y rendimiento en tecnolog\u00eda y accesorios. Descubre soluciones que potencian tu mundo digital.\",\"publisher\":{\"@id\":\"https:\\\/\\\/ajtecnologia.com\\\/#\\\/schema\\\/person\\\/3800315aba8738350409b508e855c92c\"},\"alternateName\":\"AJ\",\"potentialAction\":[{\"@type\":\"SearchAction\",\"target\":{\"@type\":\"EntryPoint\",\"urlTemplate\":\"https:\\\/\\\/ajtecnologia.com\\\/?s={search_term_string}\"},\"query-input\":{\"@type\":\"PropertyValueSpecification\",\"valueRequired\":true,\"valueName\":\"search_term_string\"}}],\"inLanguage\":\"en-US\"},{\"@type\":[\"Person\",\"Organization\"],\"@id\":\"https:\\\/\\\/ajtecnologia.com\\\/#\\\/schema\\\/person\\\/3800315aba8738350409b508e855c92c\",\"name\":\"JUAN DIEGO MAYORGA MILLAN\",\"image\":{\"@type\":\"ImageObject\",\"inLanguage\":\"en-US\",\"@id\":\"https:\\\/\\\/ajtecnologia.com\\\/wp-content\\\/uploads\\\/2025\\\/09\\\/Imagotipo-PNG-1-scaled.png\",\"url\":\"https:\\\/\\\/ajtecnologia.com\\\/wp-content\\\/uploads\\\/2025\\\/09\\\/Imagotipo-PNG-1-scaled.png\",\"contentUrl\":\"https:\\\/\\\/ajtecnologia.com\\\/wp-content\\\/uploads\\\/2025\\\/09\\\/Imagotipo-PNG-1-scaled.png\",\"width\":2560,\"height\":544,\"caption\":\"JUAN DIEGO MAYORGA MILLAN\"},\"logo\":{\"@id\":\"https:\\\/\\\/ajtecnologia.com\\\/wp-content\\\/uploads\\\/2025\\\/09\\\/Imagotipo-PNG-1-scaled.png\"},\"sameAs\":[\"http:\\\/\\\/ajtecnologia.com\"]}]}<\/script>\n<!-- \/ Yoast SEO Premium plugin. -->","yoast_head_json":{"title":"Celular Samsung Galaxy A17 256GB 5G Gris - AJTecnologia","description":"Samsung Galaxy A17 256GB 5G con pantalla Super AMOLED 6.7\u201d, c\u00e1mara 50 MP, 8GB RAM, bater\u00eda 5000 mAh y protecci\u00f3n IP54.","robots":{"index":"index","follow":"follow","max-snippet":"max-snippet:-1","max-image-preview":"max-image-preview:large","max-video-preview":"max-video-preview:-1"},"canonical":"https:\/\/ajtecnologia.com\/en\/tienda\/mobile\/smartphone\/celular-samsung-galaxy-a17-256gb-5g-gris\/","og_locale":"en_US","og_type":"article","og_title":"Celular Samsung Galaxy A17 256GB 5G Gris","og_description":"Samsung Galaxy A17 256GB 5G con pantalla Super AMOLED 6.7\u201d, c\u00e1mara 50 MP, 8GB RAM, bater\u00eda 5000 mAh y protecci\u00f3n IP54.","og_url":"https:\/\/ajtecnologia.com\/en\/tienda\/mobile\/smartphone\/celular-samsung-galaxy-a17-256gb-5g-gris\/","og_site_name":"AJTecnologia","article_modified_time":"2025-12-18T23:54:09+00:00","og_image":[{"width":1080,"height":1080,"url":"https:\/\/ajtecnologia.com\/wp-content\/uploads\/2025\/12\/222.png","type":"image\/png"}],"twitter_card":"summary_large_image","twitter_misc":{"Est. reading time":"2 minutes"},"schema":{"@context":"https:\/\/schema.org","@graph":[{"@type":"WebPage","@id":"https:\/\/ajtecnologia.com\/tienda\/mobile\/smartphone\/celular-samsung-galaxy-a17-256gb-5g-gris\/","url":"https:\/\/ajtecnologia.com\/tienda\/mobile\/smartphone\/celular-samsung-galaxy-a17-256gb-5g-gris\/","name":"Celular Samsung Galaxy A17 256GB 5G Gris - AJTecnologia","isPartOf":{"@id":"https:\/\/ajtecnologia.com\/#website"},"primaryImageOfPage":{"@id":"https:\/\/ajtecnologia.com\/tienda\/mobile\/smartphone\/celular-samsung-galaxy-a17-256gb-5g-gris\/#primaryimage"},"image":{"@id":"https:\/\/ajtecnologia.com\/tienda\/mobile\/smartphone\/celular-samsung-galaxy-a17-256gb-5g-gris\/#primaryimage"},"thumbnailUrl":"https:\/\/ajtecnologia.com\/wp-content\/uploads\/2025\/12\/222.png","datePublished":"2025-12-18T23:54:03+00:00","dateModified":"2025-12-18T23:54:09+00:00","description":"Samsung Galaxy A17 256GB 5G con pantalla Super AMOLED 6.7\u201d, c\u00e1mara 50 MP, 8GB RAM, bater\u00eda 5000 mAh y protecci\u00f3n IP54.","breadcrumb":{"@id":"https:\/\/ajtecnologia.com\/tienda\/mobile\/smartphone\/celular-samsung-galaxy-a17-256gb-5g-gris\/#breadcrumb"},"inLanguage":"en-US","potentialAction":[{"@type":"ReadAction","target":["https:\/\/ajtecnologia.com\/tienda\/mobile\/smartphone\/celular-samsung-galaxy-a17-256gb-5g-gris\/"]}]},{"@type":"ImageObject","inLanguage":"en-US","@id":"https:\/\/ajtecnologia.com\/tienda\/mobile\/smartphone\/celular-samsung-galaxy-a17-256gb-5g-gris\/#primaryimage","url":"https:\/\/ajtecnologia.com\/wp-content\/uploads\/2025\/12\/222.png","contentUrl":"https:\/\/ajtecnologia.com\/wp-content\/uploads\/2025\/12\/222.png","width":1080,"height":1080},{"@type":"BreadcrumbList","@id":"https:\/\/ajtecnologia.com\/tienda\/mobile\/smartphone\/celular-samsung-galaxy-a17-256gb-5g-gris\/#breadcrumb","itemListElement":[{"@type":"ListItem","position":1,"name":"Home","item":"https:\/\/ajtecnologia.com\/"},{"@type":"ListItem","position":2,"name":"Tienda","item":"https:\/\/ajtecnologia.com\/tienda\/"},{"@type":"ListItem","position":3,"name":"Celular Samsung Galaxy A17 256GB 5G Gris"}]},{"@type":"WebSite","@id":"https:\/\/ajtecnologia.com\/#website","url":"https:\/\/ajtecnologia.com\/","name":"AJTecnologia","description":"AJTecnologia: innovaci\u00f3n y rendimiento en tecnolog\u00eda y accesorios. Descubre soluciones que potencian tu mundo digital.","publisher":{"@id":"https:\/\/ajtecnologia.com\/#\/schema\/person\/3800315aba8738350409b508e855c92c"},"alternateName":"AJ","potentialAction":[{"@type":"SearchAction","target":{"@type":"EntryPoint","urlTemplate":"https:\/\/ajtecnologia.com\/?s={search_term_string}"},"query-input":{"@type":"PropertyValueSpecification","valueRequired":true,"valueName":"search_term_string"}}],"inLanguage":"en-US"},{"@type":["Person","Organization"],"@id":"https:\/\/ajtecnologia.com\/#\/schema\/person\/3800315aba8738350409b508e855c92c","name":"JUAN DIEGO MAYORGA MILLAN","image":{"@type":"ImageObject","inLanguage":"en-US","@id":"https:\/\/ajtecnologia.com\/wp-content\/uploads\/2025\/09\/Imagotipo-PNG-1-scaled.png","url":"https:\/\/ajtecnologia.com\/wp-content\/uploads\/2025\/09\/Imagotipo-PNG-1-scaled.png","contentUrl":"https:\/\/ajtecnologia.com\/wp-content\/uploads\/2025\/09\/Imagotipo-PNG-1-scaled.png","width":2560,"height":544,"caption":"JUAN DIEGO MAYORGA MILLAN"},"logo":{"@id":"https:\/\/ajtecnologia.com\/wp-content\/uploads\/2025\/09\/Imagotipo-PNG-1-scaled.png"},"sameAs":["http:\/\/ajtecnologia.com"]}]}},"_links":{"self":[{"href":"https:\/\/ajtecnologia.com\/en\/wp-json\/wp\/v2\/product\/2477","targetHints":{"allow":["GET"]}}],"collection":[{"href":"https:\/\/ajtecnologia.com\/en\/wp-json\/wp\/v2\/product"}],"about":[{"href":"https:\/\/ajtecnologia.com\/en\/wp-json\/wp\/v2\/types\/product"}],"replies":[{"embeddable":true,"href":"https:\/\/ajtecnologia.com\/en\/wp-json\/wp\/v2\/comments?post=2477"}],"wp:featuredmedia":[{"embeddable":true,"href":"https:\/\/ajtecnologia.com\/en\/wp-json\/wp\/v2\/media\/2478"}],"wp:attachment":[{"href":"https:\/\/ajtecnologia.com\/en\/wp-json\/wp\/v2\/media?parent=2477"}],"wp:term":[{"taxonomy":"product_brand","embeddable":true,"href":"https:\/\/ajtecnologia.com\/en\/wp-json\/wp\/v2\/product_brand?post=2477"},{"taxonomy":"product_cat","embeddable":true,"href":"https:\/\/ajtecnologia.com\/en\/wp-json\/wp\/v2\/product_cat?post=2477"},{"taxonomy":"product_tag","embeddable":true,"href":"https:\/\/ajtecnologia.com\/en\/wp-json\/wp\/v2\/product_tag?post=2477"}],"curies":[{"name":"wp","href":"https:\/\/api.w.org\/{rel}","templated":true}]}}